{"id":2384,"date":"2021-05-05T00:50:08","date_gmt":"2021-05-04T21:50:08","guid":{"rendered":"http:\/\/nazholding.com\/iletisim\/"},"modified":"2021-09-14T16:00:08","modified_gmt":"2021-09-14T13:00:08","slug":"tuasil","status":"publish","type":"page","link":"https:\/\/nazholding.com\/ar\/tuasil\/","title":{"rendered":"\u062a\u0648\u0627\u0635\u0644"},"content":{"rendered":"<p>[vc_section el_class=&#8221;fix-overflow gradient2&#8243; css=&#8221;.vc_custom_1575624408467{margin-bottom: 80px !important;padding-bottom: 60px !important;}&#8221;][vc_row][vc_column css_animation=&#8221;fadeIn&#8221; width=&#8221;1\/3&#8243; el_class=&#8221;delay-1&#8243;]<div class=\"iconbox  \">\n\n\t<h4 class=\"box-title\">\u0627\u0643\u062a\u0628 \u0644\u0646\u0627<\/h4>\n\t<div class=\"box-detail\">\n\t\t<p>\u0627\u062a\u0635\u0644 \u0628\u0646\u0627 \u0645\u0628\u0627\u0634\u0631\u0629 \u0639\u0646 \u0637\u0631\u064a\u0642 \u0627\u0644\u0643\u062a\u0627\u0628\u0629 \u0639\u0628\u0631 \u0627\u0644\u0628\u0631\u064a\u062f \u0627\u0644\u0625\u0644\u0643\u062a\u0631\u0648\u0646\u064a.<\/p>\n\t\n\t<\/div>\n\t<div class=\"box-icon\"><img decoding=\"async\" src=\"https:\/\/nazholding.com\/wp-content\/uploads\/2021\/05\/email-ikonu.svg\" alt=\"\u0627\u0643\u062a\u0628 \u0644\u0646\u0627\" \/><\/div>\t\n\t\n\t\t<div class=\"box-readmore\">\n\t\t\t<a class=\"button no-bg\" href=\"mailto:info@nazholding.com\">info@nazholding.com<\/a>\n\t\t<\/div>\n<\/div>[vc_empty_space height=&#8221;30px&#8221;][\/vc_column][vc_column css_animation=&#8221;fadeIn&#8221; width=&#8221;1\/3&#8243; el_class=&#8221;delay-2&#8243;]<div class=\"iconbox  \">\n\n\t<h4 class=\"box-title\">\u0639\u0646\u0648\u0627\u0646 \u0627\u0644\u0625\u062a\u0635\u0627\u0644<\/h4>\n\t<div class=\"box-detail\">\n\t\t<p>Selenium Retro Plaza A9-Blok No:109 Atak\u00f6y, Bak\u0131rk\u00f6y \u2013 \u0627\u0633\u0637\u0646\u0628\u0648\u0644 \u062a\u0631\u0643\u064a\u0627<\/p>\n\t\n\t<\/div>\n\t<div class=\"box-icon\"><img decoding=\"async\" src=\"https:\/\/nazholding.com\/wp-content\/uploads\/2021\/05\/harita-pini.svg\" alt=\"\u0639\u0646\u0648\u0627\u0646 \u0627\u0644\u0625\u062a\u0635\u0627\u0644\" \/><\/div>\t\n\t\n\t\t<div class=\"box-readmore\">\n\t\t\t<a class=\"button no-bg\" href=\"https:\/\/goo.gl\/maps\/PUU22xWpBh3dK3cz6\">\u0627\u062d\u0635\u0644 \u0639\u0644\u0649 \u0627\u0644\u0627\u062a\u062c\u0627\u0647\u0627\u062a<\/a>\n\t\t<\/div>\n<\/div>[vc_empty_space height=&#8221;30px&#8221;][\/vc_column][vc_column css_animation=&#8221;fadeIn&#8221; width=&#8221;1\/3&#8243; el_class=&#8221;delay-3&#8243;]<div class=\"iconbox  \">\n\n\t<h4 class=\"box-title\">\u0627\u062a\u0635\u0644 \u0628\u0646\u0627<\/h4>\n\t<div class=\"box-detail\">\n\t\t<p>\u064a\u0645\u0643\u0646\u0643 \u0627\u0644\u0627\u062a\u0635\u0627\u0644 \u0628\u0646\u0627 \u0645\u0628\u0627\u0634\u0631\u0629 \u0639\u0628\u0631 \u0627\u0644\u0647\u0627\u062a\u0641.<\/p>\n\t\n\t<\/div>\n\t<div class=\"box-icon\"><img decoding=\"async\" src=\"https:\/\/nazholding.com\/wp-content\/uploads\/2021\/05\/telefon-ikon.svg\" alt=\"\u0627\u062a\u0635\u0644 \u0628\u0646\u0627\" \/><\/div>\t\n\t\n\t\t<div class=\"box-readmore\">\n\t\t\t<a class=\"button no-bg\" href=\"tel:+908503073434\">+90 850 307 34 34<\/a>\n\t\t<\/div>\n<\/div>[vc_empty_space height=&#8221;30px&#8221;][\/vc_column][\/vc_row][vc_row][vc_column][vc_empty_space height=&#8221;15px&#8221;][vc_column_text]<\/p>\n<p style=\"text-align: center;\">\u0647\u0644 \u0623\u0646\u062a \u0645\u0633\u062a\u0639\u062f \u0644\u0627\u062a\u062e\u0627\u0630 \u062e\u0637\u0648\u0629\u061f \u062f\u0639\u0646\u0627 \u0646\u062a\u0639\u0631\u0641 \u0639\u0644\u064a \u0628\u0639\u0636. \u0623\u062e\u0628\u0631\u0646\u0627 \u0639\u0646 \u0645\u0634\u0631\u0648\u0639\u0643 \u0623\u0648 \u0641\u0643\u0631\u062a\u0643 \u0648\u0627\u0643\u062a\u0634\u0641 \u0643\u064a\u0641 \u064a\u0645\u0643\u0646\u0646\u0627 \u0645\u0633\u0627\u0639\u062f\u062a\u0643.<\/p>\n<p>[\/vc_column_text][\/vc_column][\/vc_row][\/vc_section][vc_row css=&#8221;.vc_custom_1620682152753{padding-bottom: 20px !important;background-image: url(http:\/\/nazholding.com\/wp-content\/uploads\/2018\/08\/bg-41.png?id=1014) !important;background-position: center !important;background-repeat: no-repeat !important;background-size: contain !important;}&#8221;][vc_column width=&#8221;1\/6&#8243;][\/vc_column][vc_column width=&#8221;2\/3&#8243;]<div role=\"form\" class=\"wpcf7\" id=\"wpcf7-f4-o1\" lang=\"en-US\" dir=\"ltr\">\n<div class=\"screen-reader-response\"><p role=\"status\" aria-live=\"polite\" aria-atomic=\"true\"><\/p> <ul><\/ul><\/div>\n<form action=\"\/ar\/wp-json\/wp\/v2\/pages\/2384#wpcf7-f4-o1\" method=\"post\" class=\"wpcf7-form init\" novalidate=\"novalidate\" data-status=\"init\">\n<div style=\"display: none;\">\n<input type=\"hidden\" name=\"_wpcf7\" value=\"4\" \/>\n<input type=\"hidden\" name=\"_wpcf7_version\" value=\"5.4.2\" \/>\n<input type=\"hidden\" name=\"_wpcf7_locale\" value=\"en_US\" \/>\n<input type=\"hidden\" name=\"_wpcf7_unit_tag\" value=\"wpcf7-f4-o1\" \/>\n<input type=\"hidden\" name=\"_wpcf7_container_post\" value=\"0\" \/>\n<input type=\"hidden\" name=\"_wpcf7_posted_data_hash\" value=\"\" \/>\n<\/div>\n<div class=\"contact\">\n<div class=\"row\">\n<div class=\"columns columns-6\"><label>Ad\u0131n\u0131z Soyad\u0131n\u0131z * <span class=\"wpcf7-form-control-wrap adsoyad\"><input type=\"text\" name=\"adsoyad\" value=\"\" size=\"40\" class=\"wpcf7-form-control wpcf7-text wpcf7-validates-as-required\" aria-required=\"true\" aria-invalid=\"false\" placeholder=\"\u00d6rn; Kemal \u00d6zt\u00fcrk\" \/><\/span><\/label><\/div>\n<div class=\"columns columns-6\"><label>Firma Ad\u0131 * <span class=\"wpcf7-form-control-wrap firmadi\"><input type=\"text\" name=\"firmadi\" value=\"\" size=\"40\" class=\"wpcf7-form-control wpcf7-text wpcf7-validates-as-required\" aria-required=\"true\" aria-invalid=\"false\" placeholder=\"\u015eirket \u00fcnvan\u0131n\u0131 girin\" \/><\/span><\/label><\/div>\n<\/div>\n<div class=\"row\">\n<div class=\"columns columns-6\"><label>E-mail Adresi * <span class=\"wpcf7-form-control-wrap eposta\"><input type=\"email\" name=\"eposta\" value=\"\" size=\"40\" class=\"wpcf7-form-control wpcf7-text wpcf7-email wpcf7-validates-as-required wpcf7-validates-as-email\" aria-required=\"true\" aria-invalid=\"false\" placeholder=\"info@sirketadi.com\" \/><\/span><\/label><\/div>\n<div class=\"columns columns-6\"><label>Telefon <span class=\"wpcf7-form-control-wrap telefon\"><input type=\"tel\" name=\"telefon\" value=\"\" size=\"40\" class=\"wpcf7-form-control wpcf7-text wpcf7-tel wpcf7-validates-as-tel\" aria-invalid=\"false\" placeholder=\"\u00d6rn; 02125170327\" \/><\/span><\/label><\/div>\n<\/div>\n<div class=\"row\">\n<div class=\"columns columns-6\"><label>\u015eirket b\u00fcy\u00fckl\u00fc\u011f\u00fc * <span class=\"wpcf7-form-control-wrap sirketbuyuklugu\"><select name=\"sirketbuyuklugu\" class=\"wpcf7-form-control wpcf7-select wpcf7-validates-as-required\" aria-required=\"true\" aria-invalid=\"false\"><option value=\"1-19 \u00e7al\u0131\u015fan\">1-19 \u00e7al\u0131\u015fan<\/option><option value=\"20-49 \u00e7al\u0131\u015fan\">20-49 \u00e7al\u0131\u015fan<\/option><option value=\"50+\">50+<\/option><\/select><\/span><\/label><\/div>\n<div class=\"columns columns-6\"><label>Sorunuz ne hakk\u0131nda? * <span class=\"wpcf7-form-control-wrap mesajkonusu\"><select name=\"mesajkonusu\" class=\"wpcf7-form-control wpcf7-select wpcf7-validates-as-required\" aria-required=\"true\" aria-invalid=\"false\"><option value=\"Genel Bilgi\">Genel Bilgi<\/option><option value=\"Tar\u0131m &amp; Hayvanc\u0131l\u0131k\">Tar\u0131m &amp; Hayvanc\u0131l\u0131k<\/option><option value=\"Tekstil Hizmetleri\">Tekstil Hizmetleri<\/option><option value=\"Teknoloji Hizmetleri\">Teknoloji Hizmetleri<\/option><option value=\"Enerji Faaliyetleri\">Enerji Faaliyetleri<\/option><\/select><\/span><\/label><\/div>\n<\/div>\n<div class=\"row\">\n<div class=\"columns columns-12\"><label>Mesaj\u0131n\u0131z * <span class=\"wpcf7-form-control-wrap textarea-1\"><textarea name=\"textarea-1\" cols=\"40\" rows=\"10\" class=\"wpcf7-form-control wpcf7-textarea wpcf7-validates-as-required\" aria-required=\"true\" aria-invalid=\"false\" placeholder=\"Neye ihtiyac\u0131n\u0131z oldu\u011funu l\u00fctfen bize bildirin.\"><\/textarea><\/span><\/label><\/div>\n<\/div>\n<div class=\"row\">\n<div class=\"columns columns-12\"><input type=\"submit\" value=\"G\u00f6nder\" class=\"wpcf7-form-control wpcf7-submit primary\" \/><\/div>\n<\/div>\n<\/div>\n<div class=\"wpcf7-response-output\" aria-hidden=\"true\"><\/div><\/form><\/div>[\/vc_column][vc_column width=&#8221;1\/6&#8243;][\/vc_column][\/vc_row]<\/p>\n","protected":false},"excerpt":{"rendered":"<p>[vc_section el_class=&#8221;fix-overflow gradient2&#8243; css=&#8221;.vc_custom_1575624408467{margin-bottom: 80px !important;padding-bottom: 60px !important;}&#8221;][vc_row][vc_column css_animation=&#8221;fadeIn&#8221; width=&#8221;1\/3&#8243; el_class=&#8221;delay-1&#8243;][vc_empty_space height=&#8221;30px&#8221;][\/vc_column][vc_column css_animation=&#8221;fadeIn&#8221; width=&#8221;1\/3&#8243; el_class=&#8221;delay-2&#8243;][vc_empty_space height=&#8221;30px&#8221;][\/vc_column][vc_column css_animation=&#8221;fadeIn&#8221; width=&#8221;1\/3&#8243; el_class=&#8221;delay-3&#8243;][vc_empty_space height=&#8221;30px&#8221;][\/vc_column][\/vc_row][vc_row][vc_column][vc_empty_space height=&#8221;15px&#8221;][vc_column_text] \u0647\u0644 \u0623\u0646\u062a \u0645\u0633\u062a\u0639\u062f \u0644\u0627\u062a\u062e\u0627\u0630 \u062e\u0637\u0648\u0629\u061f \u062f\u0639\u0646\u0627 \u0646\u062a\u0639\u0631\u0641 \u0639\u0644\u064a \u0628\u0639\u0636. \u0623\u062e\u0628\u0631\u0646\u0627 \u0639\u0646 \u0645\u0634\u0631\u0648\u0639\u0643 \u0623\u0648 \u0641\u0643\u0631\u062a\u0643 \u0648\u0627\u0643\u062a\u0634\u0641 \u0643\u064a\u0641 \u064a\u0645\u0643\u0646\u0646\u0627 \u0645\u0633\u0627\u0639\u062f\u062a\u0643. [\/vc_column_text][\/vc_column][\/vc_row][\/vc_section][vc_row css=&#8221;.vc_custom_1620682152753{padding-bottom: 20px !important;background-image: url(http:\/\/nazholding.com\/wp-content\/uploads\/2018\/08\/bg-41.png?id=1014) !important;background-position: center !important;background-repeat: no-repeat !important;background-size: contain !important;}&#8221;][vc_column width=&#8221;1\/6&#8243;][\/vc_column][vc_column width=&#8221;2\/3&#8243;][\/vc_column][vc_column width=&#8221;1\/6&#8243;][\/vc_column][\/vc_row]<\/p>\n","protected":false},"author":1,"featured_media":0,"parent":0,"menu_order":0,"comment_status":"closed","ping_status":"closed","template":"tmpl\/template-fullwidth.php","meta":{"footnotes":""},"class_list":["post-2384","page","type-page","status-publish","hentry"],"_links":{"self":[{"href":"https:\/\/nazholding.com\/ar\/wp-json\/wp\/v2\/pages\/2384","targetHints":{"allow":["GET"]}}],"collection":[{"href":"https:\/\/nazholding.com\/ar\/wp-json\/wp\/v2\/pages"}],"about":[{"href":"https:\/\/nazholding.com\/ar\/wp-json\/wp\/v2\/types\/page"}],"author":[{"embeddable":true,"href":"https:\/\/nazholding.com\/ar\/wp-json\/wp\/v2\/users\/1"}],"replies":[{"embeddable":true,"href":"https:\/\/nazholding.com\/ar\/wp-json\/wp\/v2\/comments?post=2384"}],"version-history":[{"count":2,"href":"https:\/\/nazholding.com\/ar\/wp-json\/wp\/v2\/pages\/2384\/revisions"}],"predecessor-version":[{"id":2627,"href":"https:\/\/nazholding.com\/ar\/wp-json\/wp\/v2\/pages\/2384\/revisions\/2627"}],"wp:attachment":[{"href":"https:\/\/nazholding.com\/ar\/wp-json\/wp\/v2\/media?parent=2384"}],"curies":[{"name":"wp","href":"https:\/\/api.w.org\/{rel}","templated":true}]}}