{"id":2360,"date":"2021-05-05T00:20:59","date_gmt":"2021-05-04T21:20:59","guid":{"rendered":"http:\/\/nazholding.com\/faaliyet-alanlari\/"},"modified":"2021-09-13T22:02:23","modified_gmt":"2021-09-13T19:02:23","slug":"activity-areas","status":"publish","type":"page","link":"https:\/\/nazholding.com\/en\/activity-areas\/","title":{"rendered":"Activity Areas"},"content":{"rendered":"<p>[vc_row css=&#8221;.vc_custom_1620632158342{padding-bottom: 80px !important;background-image: url(http:\/\/nazholding.com\/wp-content\/uploads\/2021\/05\/faaliyet-alanlari-arkaplan.png?id=1822) !important;background-position: center !important;background-repeat: no-repeat !important;background-size: contain !important;}&#8221; el_class=&#8221;fix-overflow&#8221;][vc_column width=&#8221;1\/6&#8243;][\/vc_column][vc_column width=&#8221;2\/3&#8243;]\n\t<div class=\"testimonial   vc_custom_1631559700152 has-image\">\n\t\t<div class=\"testimonial-wrap\">\n\t\t\t<div class=\"testimonial-content\">\n\t\t\t\t\n\t\t<div class=\"testimonial-image\">\n\t\t\t<img decoding=\"async\" src=\"https:\/\/nazholding.com\/wp-content\/uploads\/2021\/05\/nazgrup-logo-dark-vector.svg\" alt=\"Bilal NAZ\" \/>\n\t\t<\/div>\n\t\t\t\t\t<div class=\"testimonial-text\"><p>&#8220;With our world-class manufacturing approach and innovative vision, we contribute to digitalization process in Turkey.&#8221;<\/p>\n<\/div>\n\t\t\t<\/div>\n\n\t\t\t<div class=\"author-info\">\n\t\t\t\t<h6 class=\"author-name\">Bilal NAZ<\/h6>\n\t\t\t\t<span class=\"subtitle\">Chairman of the Board<\/span>\t\t\t<\/div>\n\t\t<\/div>\n\t<\/div>\n[\/vc_column][vc_column width=&#8221;1\/6&#8243;][\/vc_column][\/vc_row][vc_row el_class=&#8221;gradient fix-overflow&#8221; css=&#8221;.vc_custom_1575624218254{padding-top: 80px !important;}&#8221;][vc_column]\t<!-- BEGIN: .projects -->\n\t<div class=\"projects projects-shortcode projects-masonry  \">\n\t\t<div class=\"projects-wrap\">\n\t\t\t<div class=\"projects-top\">\n\t\t\t\n\t\t\t\t\t\t<\/div>\n\n\t\t\t<div class=\"projects-items\" data-grid=\"{&quot;itemSelector&quot;:&quot;.project&quot;}\" data-columns=\"2\">\n\n\t\t\t\t\t\t\t\t\t<!-- Project -->\n\t\t\t\t\t<div class=\"project post-2260 nproject type-nproject status-publish has-post-thumbnail hentry\">\n\t\t\t\t\t\t\t\t\t\t\t\t\t<div class=\"project-inner\" data-height=\"project-grid\">\n\t\t\t\t\t\t\n\t\t\t\t\t\t\t\t\t\t\t\t\t\t\t<a class=\"mask\" style=\"background-color: #82b541;\" href=\"https:\/\/nazholding.com\/en\/faaliyetler\/agriculture-and-animal-husbandry\/\">\n\t\t\t\t\t\t\t\t\t#82b541\t\t\t\t\t\t\t\t<\/a>\n\t\t\t\t\t\t\t\t\t\t\t\t\t\n\t\t\t\t\t\t\t<figure class=\"project-thumbnail\">\n\t\t\t\t\t\t\t\t<div class=\"project-category\">\n\t\t\t\t\t\t\t\t\t\t\t\t\t\t\t\t\t<\/div>\n\t\t\t\t\t\t\t\t<a href=\"https:\/\/nazholding.com\/en\/faaliyetler\/agriculture-and-animal-husbandry\/\">\n\t\t\t\t\t\t\t\t\t\t\t\t\t\t\t\t\t\t\t<span class=\"project-client\">\n\t\t\t\t\t\t\t\t\t\t\t<img loading=\"lazy\" decoding=\"async\" width=\"105\" height=\"34\" src=\"https:\/\/nazholding.com\/wp-content\/uploads\/2021\/05\/Naz-tarim-hayvancilik-logo-vectorel-light.svg\" class=\"attachment-full\" alt=\"\" \/>\t\t\t\t\t\t\t\t\t\t<\/span>\n\n\t\t\t\t\t\t\t\t\t\t\t\t\t\t\t\t\t\t\t\t\t<span class=\"mask\" style=\"background-color: #82b541;\">\n\t\t\t\t\t\t\t\t\t\t\t\t#82b541\t\t\t\t\t\t\t\t\t\t\t<\/span>\n\t\t\t\t\t\t\t\t\t\t\n\t\t\t\t\t\t\t\t\t\n\t\t\t\t\t\t\t\t\t<span class=\"featured-image\">\n\t\t\t\t\t\t\t\t\t\t<img loading=\"lazy\" decoding=\"async\" class=\"\" src=\"https:\/\/nazholding.com\/wp-content\/uploads\/2021\/05\/naz-grup-tarim-ve-hayvancilik-faaliyetleri-800x400.jpg\" width=\"800\" height=\"400\" alt=\"naz-grup-tar\u0131m-ve-hayvanc\u0131l\u0131k-faaliyetleri\" title=\"naz-grup-tar\u0131m-ve-hayvanc\u0131l\u0131k-faaliyetleri\" \/>\t\t\t\t\t\t\t\t\t<\/span>\n\t\t\t\t\t\t\t\t<\/a>\n\t\t\t\t\t\t\t<\/figure>\n\n\t\t\t\t\t\t\t<div class=\"project-info\">\n\t\t\t\t\t\t\t\t<div class=\"project-info-inner\">\n\t\t\t\t\t\t\t\t\t<div class=\"project-category\">\n\t\t\t\t\t\t\t\t\t\t\t\t\t\t\t\t\t\t\t<\/div>\n\t\t\t\t\t\t\t\t\t<a href=\"https:\/\/nazholding.com\/en\/faaliyetler\/agriculture-and-animal-husbandry\/\">\n\t\t\t\t\t\t\t\t\t\t<h2 class=\"project-title\" itemprop=\"name headline\">\n\t\t\t\t\t\t\t\t\t\t\t\tAgriculture and Animal Husbandry\t\t\t\t\t\t\t\t\t\t<\/h2>\n\n\t\t\t\t\t\t\t\t\t\t\t\t\t\t\t\t\t\t\t\t\t<div class=\"project-client\">\n\t\t\t\t\t\t\t\t\t\t\t\t<img loading=\"lazy\" decoding=\"async\" width=\"105\" height=\"34\" src=\"https:\/\/nazholding.com\/wp-content\/uploads\/2021\/05\/Naz-tarim-hayvancilik-logo-vectorel-light.svg\" class=\"attachment-full\" alt=\"\" \/>\t\t\t\t\t\t\t\t\t\t\t<\/div>\n\t\t\t\t\t\t\t\t\t\t\n\t\t\t\t\t\t\t\t\t\t\t\t\t\t\t\t\t\t\t\t\t<div class=\"project-summary\">\n\t\t\t\t\t\t\t\t\t\t\t\t<p>[vc_row css=&#8221;.vc_custom_1620635863106{paddi\t\t\t\t\t\t\t\t\t\t\t<\/div>\n\t\t\t\t\t\t\t\t\t\t\t\t\t\t\t\t\t\t\t\t\n\t\t\t\t\t\t\t\t\t\t\t\t\t\t\t\t\t\t\t\t\t<div class=\"project-readmore\">\n\t\t\t\t\t\t\t\t\t\t\t\t<span class=\"button small\">\u0130nceleyin<\/span>\n\t\t\t\t\t\t\t\t\t\t\t<\/div>\n\t\t\t\t\t\t\t\t\t\t\t\t\t\t\t\t\t\t\t<\/a>\n\t\t\t\t\t\t\t\t<\/div>\n\t\t\t\t\t\t\t<\/div>\n\t\t\t\t\t\t<\/div>\n\t\t\t\t\t<\/div>\n\t\t\t\t\t<!-- \/Project -->\n\n\t\t\t\t\t\t\t\t\t<!-- Project -->\n\t\t\t\t\t<div class=\"project post-2269 nproject type-nproject status-publish has-post-thumbnail hentry\">\n\t\t\t\t\t\t\t\t\t\t\t\t\t<div class=\"project-inner\" data-height=\"project-grid\">\n\t\t\t\t\t\t\n\t\t\t\t\t\t\t\t\t\t\t\t\t\t\t<a class=\"mask\" style=\"background-color: #8a49a1;\" href=\"https:\/\/nazholding.com\/en\/faaliyetler\/textile-activities\/\">\n\t\t\t\t\t\t\t\t\t#8a49a1\t\t\t\t\t\t\t\t<\/a>\n\t\t\t\t\t\t\t\t\t\t\t\t\t\n\t\t\t\t\t\t\t<figure class=\"project-thumbnail\">\n\t\t\t\t\t\t\t\t<div class=\"project-category\">\n\t\t\t\t\t\t\t\t\t\t\t\t\t\t\t\t\t<\/div>\n\t\t\t\t\t\t\t\t<a href=\"https:\/\/nazholding.com\/en\/faaliyetler\/textile-activities\/\">\n\t\t\t\t\t\t\t\t\t\t\t\t\t\t\t\t\t\t\t<span class=\"project-client\">\n\t\t\t\t\t\t\t\t\t\t\t<img loading=\"lazy\" decoding=\"async\" width=\"109\" height=\"34\" src=\"https:\/\/nazholding.com\/wp-content\/uploads\/2021\/05\/Naz-tekstil-logo-vectorel-light.svg\" class=\"attachment-full\" alt=\"\" \/>\t\t\t\t\t\t\t\t\t\t<\/span>\n\n\t\t\t\t\t\t\t\t\t\t\t\t\t\t\t\t\t\t\t\t\t<span class=\"mask\" style=\"background-color: #8a49a1;\">\n\t\t\t\t\t\t\t\t\t\t\t\t#8a49a1\t\t\t\t\t\t\t\t\t\t\t<\/span>\n\t\t\t\t\t\t\t\t\t\t\n\t\t\t\t\t\t\t\t\t\n\t\t\t\t\t\t\t\t\t<span class=\"featured-image\">\n\t\t\t\t\t\t\t\t\t\t<img loading=\"lazy\" decoding=\"async\" class=\"\" src=\"https:\/\/nazholding.com\/wp-content\/uploads\/2021\/05\/naz-grup-tekstil-uretim-imalat-faaliyetleri-800x400.jpg\" width=\"800\" height=\"400\" alt=\"naz-grup-tekstil-\u00fcretim-imalat-faaliyetleri\" title=\"naz-grup-tekstil-\u00fcretim-imalat-faaliyetleri\" \/>\t\t\t\t\t\t\t\t\t<\/span>\n\t\t\t\t\t\t\t\t<\/a>\n\t\t\t\t\t\t\t<\/figure>\n\n\t\t\t\t\t\t\t<div class=\"project-info\">\n\t\t\t\t\t\t\t\t<div class=\"project-info-inner\">\n\t\t\t\t\t\t\t\t\t<div class=\"project-category\">\n\t\t\t\t\t\t\t\t\t\t\t\t\t\t\t\t\t\t\t<\/div>\n\t\t\t\t\t\t\t\t\t<a href=\"https:\/\/nazholding.com\/en\/faaliyetler\/textile-activities\/\">\n\t\t\t\t\t\t\t\t\t\t<h2 class=\"project-title\" itemprop=\"name headline\">\n\t\t\t\t\t\t\t\t\t\t\t\tTextile Activities\t\t\t\t\t\t\t\t\t\t<\/h2>\n\n\t\t\t\t\t\t\t\t\t\t\t\t\t\t\t\t\t\t\t\t\t<div class=\"project-client\">\n\t\t\t\t\t\t\t\t\t\t\t\t<img loading=\"lazy\" decoding=\"async\" width=\"109\" height=\"34\" src=\"https:\/\/nazholding.com\/wp-content\/uploads\/2021\/05\/Naz-tekstil-logo-vectorel-light.svg\" class=\"attachment-full\" alt=\"\" \/>\t\t\t\t\t\t\t\t\t\t\t<\/div>\n\t\t\t\t\t\t\t\t\t\t\n\t\t\t\t\t\t\t\t\t\t\t\t\t\t\t\t\t\t\t\t\t<div class=\"project-summary\">\n\t\t\t\t\t\t\t\t\t\t\t\t<p>[vc_row css=&#8221;.vc_custom_1620635863106{paddi\t\t\t\t\t\t\t\t\t\t\t<\/div>\n\t\t\t\t\t\t\t\t\t\t\t\t\t\t\t\t\t\t\t\t\n\t\t\t\t\t\t\t\t\t\t\t\t\t\t\t\t\t\t\t\t\t<div class=\"project-readmore\">\n\t\t\t\t\t\t\t\t\t\t\t\t<span class=\"button small\">\u0130nceleyin<\/span>\n\t\t\t\t\t\t\t\t\t\t\t<\/div>\n\t\t\t\t\t\t\t\t\t\t\t\t\t\t\t\t\t\t\t<\/a>\n\t\t\t\t\t\t\t\t<\/div>\n\t\t\t\t\t\t\t<\/div>\n\t\t\t\t\t\t<\/div>\n\t\t\t\t\t<\/div>\n\t\t\t\t\t<!-- \/Project -->\n\n\t\t\t\t\t\t\t\t\t<!-- Project -->\n\t\t\t\t\t<div class=\"project post-2278 nproject type-nproject status-publish has-post-thumbnail hentry\">\n\t\t\t\t\t\t\t\t\t\t\t\t\t<div class=\"project-inner\" data-height=\"project-grid\">\n\t\t\t\t\t\t\n\t\t\t\t\t\t\t\t\t\t\t\t\t\t\t<a class=\"mask\" style=\"background-color: #ffcc00;\" href=\"https:\/\/nazholding.com\/en\/faaliyetler\/energy-services\/\">\n\t\t\t\t\t\t\t\t\t#ffcc00\t\t\t\t\t\t\t\t<\/a>\n\t\t\t\t\t\t\t\t\t\t\t\t\t\n\t\t\t\t\t\t\t<figure class=\"project-thumbnail\">\n\t\t\t\t\t\t\t\t<div class=\"project-category\">\n\t\t\t\t\t\t\t\t\t\t\t\t\t\t\t\t\t<\/div>\n\t\t\t\t\t\t\t\t<a href=\"https:\/\/nazholding.com\/en\/faaliyetler\/energy-services\/\">\n\t\t\t\t\t\t\t\t\t\t\t\t\t\t\t\t\t\t\t<span class=\"project-client\">\n\t\t\t\t\t\t\t\t\t\t\t<img loading=\"lazy\" decoding=\"async\" width=\"108\" height=\"34\" src=\"https:\/\/nazholding.com\/wp-content\/uploads\/2021\/05\/Naz-enerji-logo-vectorel-light.svg\" class=\"attachment-full\" alt=\"\" \/>\t\t\t\t\t\t\t\t\t\t<\/span>\n\n\t\t\t\t\t\t\t\t\t\t\t\t\t\t\t\t\t\t\t\t\t<span class=\"mask\" style=\"background-color: #ffcc00;\">\n\t\t\t\t\t\t\t\t\t\t\t\t#ffcc00\t\t\t\t\t\t\t\t\t\t\t<\/span>\n\t\t\t\t\t\t\t\t\t\t\n\t\t\t\t\t\t\t\t\t\n\t\t\t\t\t\t\t\t\t<span class=\"featured-image\">\n\t\t\t\t\t\t\t\t\t\t<img loading=\"lazy\" decoding=\"async\" class=\"\" src=\"https:\/\/nazholding.com\/wp-content\/uploads\/2021\/05\/nazgrup-yenilenebilir-gunes-enerjisi-faaliyetleri-800x400.jpg\" width=\"800\" height=\"400\" alt=\"nazgrup-yenilenebilir-g\u00fcne\u015f-enerjisi-faaliyetleri\" title=\"nazgrup-yenilenebilir-g\u00fcne\u015f-enerjisi-faaliyetleri\" \/>\t\t\t\t\t\t\t\t\t<\/span>\n\t\t\t\t\t\t\t\t<\/a>\n\t\t\t\t\t\t\t<\/figure>\n\n\t\t\t\t\t\t\t<div class=\"project-info\">\n\t\t\t\t\t\t\t\t<div class=\"project-info-inner\">\n\t\t\t\t\t\t\t\t\t<div class=\"project-category\">\n\t\t\t\t\t\t\t\t\t\t\t\t\t\t\t\t\t\t\t<\/div>\n\t\t\t\t\t\t\t\t\t<a href=\"https:\/\/nazholding.com\/en\/faaliyetler\/energy-services\/\">\n\t\t\t\t\t\t\t\t\t\t<h2 class=\"project-title\" itemprop=\"name headline\">\n\t\t\t\t\t\t\t\t\t\t\t\tEnergy Services\t\t\t\t\t\t\t\t\t\t<\/h2>\n\n\t\t\t\t\t\t\t\t\t\t\t\t\t\t\t\t\t\t\t\t\t<div class=\"project-client\">\n\t\t\t\t\t\t\t\t\t\t\t\t<img loading=\"lazy\" decoding=\"async\" width=\"108\" height=\"34\" src=\"https:\/\/nazholding.com\/wp-content\/uploads\/2021\/05\/Naz-enerji-logo-vectorel-light.svg\" class=\"attachment-full\" alt=\"\" \/>\t\t\t\t\t\t\t\t\t\t\t<\/div>\n\t\t\t\t\t\t\t\t\t\t\n\t\t\t\t\t\t\t\t\t\t\t\t\t\t\t\t\t\t\t\t\t<div class=\"project-summary\">\n\t\t\t\t\t\t\t\t\t\t\t\t<p>[vc_row css=&#8221;.vc_custom_1620635863106{paddi\t\t\t\t\t\t\t\t\t\t\t<\/div>\n\t\t\t\t\t\t\t\t\t\t\t\t\t\t\t\t\t\t\t\t\n\t\t\t\t\t\t\t\t\t\t\t\t\t\t\t\t\t\t\t\t\t<div class=\"project-readmore\">\n\t\t\t\t\t\t\t\t\t\t\t\t<span class=\"button small\">\u0130nceleyin<\/span>\n\t\t\t\t\t\t\t\t\t\t\t<\/div>\n\t\t\t\t\t\t\t\t\t\t\t\t\t\t\t\t\t\t\t<\/a>\n\t\t\t\t\t\t\t\t<\/div>\n\t\t\t\t\t\t\t<\/div>\n\t\t\t\t\t\t<\/div>\n\t\t\t\t\t<\/div>\n\t\t\t\t\t<!-- \/Project -->\n\n\t\t\t\t\t\t\t\t\t<!-- Project -->\n\t\t\t\t\t<div class=\"project post-2287 nproject type-nproject status-publish has-post-thumbnail hentry\">\n\t\t\t\t\t\t\t\t\t\t\t\t\t<div class=\"project-inner\" data-height=\"project-grid\">\n\t\t\t\t\t\t\n\t\t\t\t\t\t\t\t\t\t\t\t\t\t\t<a class=\"mask\" style=\"background-color: #29b2fe;\" href=\"https:\/\/nazholding.com\/en\/faaliyetler\/technology-services\/\">\n\t\t\t\t\t\t\t\t\t#29b2fe\t\t\t\t\t\t\t\t<\/a>\n\t\t\t\t\t\t\t\t\t\t\t\t\t\n\t\t\t\t\t\t\t<figure class=\"project-thumbnail\">\n\t\t\t\t\t\t\t\t<div class=\"project-category\">\n\t\t\t\t\t\t\t\t\t\t\t\t\t\t\t\t\t<\/div>\n\t\t\t\t\t\t\t\t<a href=\"https:\/\/nazholding.com\/en\/faaliyetler\/technology-services\/\">\n\t\t\t\t\t\t\t\t\t\t\t\t\t\t\t\t\t\t\t<span class=\"project-client\">\n\t\t\t\t\t\t\t\t\t\t\t\t\t\t\t\t\t\t\t\t\t<\/span>\n\n\t\t\t\t\t\t\t\t\t\t\t\t\t\t\t\t\t\t\t\t\t<span class=\"mask\" style=\"background-color: #29b2fe;\">\n\t\t\t\t\t\t\t\t\t\t\t\t#29b2fe\t\t\t\t\t\t\t\t\t\t\t<\/span>\n\t\t\t\t\t\t\t\t\t\t\n\t\t\t\t\t\t\t\t\t\n\t\t\t\t\t\t\t\t\t<span class=\"featured-image\">\n\t\t\t\t\t\t\t\t\t\t<img loading=\"lazy\" decoding=\"async\" class=\"\" src=\"https:\/\/nazholding.com\/wp-content\/uploads\/2021\/05\/naz-teknoloji-faaliyetleri-800x400.jpg\" width=\"800\" height=\"400\" alt=\"naz-teknoloji-faaliyetleri\" title=\"naz-teknoloji-faaliyetleri\" \/>\t\t\t\t\t\t\t\t\t<\/span>\n\t\t\t\t\t\t\t\t<\/a>\n\t\t\t\t\t\t\t<\/figure>\n\n\t\t\t\t\t\t\t<div class=\"project-info\">\n\t\t\t\t\t\t\t\t<div class=\"project-info-inner\">\n\t\t\t\t\t\t\t\t\t<div class=\"project-category\">\n\t\t\t\t\t\t\t\t\t\t\t\t\t\t\t\t\t\t\t<\/div>\n\t\t\t\t\t\t\t\t\t<a href=\"https:\/\/nazholding.com\/en\/faaliyetler\/technology-services\/\">\n\t\t\t\t\t\t\t\t\t\t<h2 class=\"project-title\" itemprop=\"name headline\">\n\t\t\t\t\t\t\t\t\t\t\t\tTechnology Services\t\t\t\t\t\t\t\t\t\t<\/h2>\n\n\t\t\t\t\t\t\t\t\t\t\t\t\t\t\t\t\t\t\t\t\t<div class=\"project-client\">\n\t\t\t\t\t\t\t\t\t\t\t\t\t\t\t\t\t\t\t\t\t\t\t<\/div>\n\t\t\t\t\t\t\t\t\t\t\n\t\t\t\t\t\t\t\t\t\t\t\t\t\t\t\t\t\t\t\t\t<div class=\"project-summary\">\n\t\t\t\t\t\t\t\t\t\t\t\t<p>[vc_row css=&#8221;.vc_custom_1620635863106{paddi\t\t\t\t\t\t\t\t\t\t\t<\/div>\n\t\t\t\t\t\t\t\t\t\t\t\t\t\t\t\t\t\t\t\t\n\t\t\t\t\t\t\t\t\t\t\t\t\t\t\t\t\t\t\t\t\t<div class=\"project-readmore\">\n\t\t\t\t\t\t\t\t\t\t\t\t<span class=\"button small\">\u0130nceleyin<\/span>\n\t\t\t\t\t\t\t\t\t\t\t<\/div>\n\t\t\t\t\t\t\t\t\t\t\t\t\t\t\t\t\t\t\t<\/a>\n\t\t\t\t\t\t\t\t<\/div>\n\t\t\t\t\t\t\t<\/div>\n\t\t\t\t\t\t<\/div>\n\t\t\t\t\t<\/div>\n\t\t\t\t\t<!-- \/Project -->\n\n\t\t\t\t\t\t\t\t\n\t\t\t<\/div>\n\t\t<\/div>\n\t<\/div>\n\t<!-- END: .projects -->\n[\/vc_column][\/vc_row]<\/p>\n","protected":false},"excerpt":{"rendered":"<p>[vc_row css=&#8221;.vc_custom_1620632158342{paddi","protected":false},"author":1,"featured_media":0,"parent":0,"menu_order":0,"comment_status":"closed","ping_status":"closed","template":"tmpl\/template-fullwidth.php","meta":{"footnotes":""},"class_list":["post-2360","page","type-page","status-publish","hentry"],"_links":{"self":[{"href":"https:\/\/nazholding.com\/en\/wp-json\/wp\/v2\/pages\/2360","targetHints":{"allow":["GET"]}}],"collection":[{"href":"https:\/\/nazholding.com\/en\/wp-json\/wp\/v2\/pages"}],"about":[{"href":"https:\/\/nazholding.com\/en\/wp-json\/wp\/v2\/types\/page"}],"author":[{"embeddable":true,"href":"https:\/\/nazholding.com\/en\/wp-json\/wp\/v2\/users\/1"}],"replies":[{"embeddable":true,"href":"https:\/\/nazholding.com\/en\/wp-json\/wp\/v2\/comments?post=2360"}],"version-history":[{"count":3,"href":"https:\/\/nazholding.com\/en\/wp-json\/wp\/v2\/pages\/2360\/revisions"}],"predecessor-version":[{"id":2366,"href":"https:\/\/nazholding.com\/en\/wp-json\/wp\/v2\/pages\/2360\/revisions\/2366"}],"wp:attachment":[{"href":"https:\/\/nazholding.com\/en\/wp-json\/wp\/v2\/media?parent=2360"}],"curies":[{"name":"wp","href":"https:\/\/api.w.org\/{rel}","templated":true}]}}